{"id":11307,"date":"2016-04-18T16:54:02","date_gmt":"2016-04-18T16:54:02","guid":{"rendered":"http:\/\/fr.aeiou-traductores.com\/web\/?page_id=11307"},"modified":"2016-07-14T10:43:34","modified_gmt":"2016-07-14T10:43:34","slug":"tarifs","status":"publish","type":"page","link":"https:\/\/www.aeiou-traductores.com\/fr\/tarifs\/","title":{"rendered":"Devis"},"content":{"rendered":"<section class=\"wpb-content-wrapper\">[vc_row fullwidth=\u00a0\u00bbtrue\u00a0\u00bb][vc_column][mk_page_title_box page_title=\u00a0\u00bbTarifs\u00a0\u00bb section_height=\u00a0\u00bb150&Prime; bg_image=\u00a0\u00bbhttp:\/\/www.aeiou-traductores.com\/web\/wp-content\/uploads\/2016\/03\/aeiou-slide-8.jpg\u00a0\u00bb bg_position=\u00a0\u00bbcenter center\u00a0\u00bb bg_stretch=\u00a0\u00bbtrue\u00a0\u00bb overlay=\u00a0\u00bbrgba(30,115,190,0.52)\u00a0\u00bb bg_effects=\u00a0\u00bbparallax\u00a0\u00bb font_color=\u00a0\u00bb#ffffff\u00a0\u00bb][\/vc_column][\/vc_row][vc_row fullwidth=\u00a0\u00bbtrue\u00a0\u00bb fullwidth_content=\u00a0\u00bbfalse\u00a0\u00bb css=\u00a0\u00bb.vc_custom_1463064223460{margin-bottom: 0px !important;padding-top: 30px !important;padding-right: 0px !important;padding-bottom: 20px !important;padding-left: 0px !important;background-color: #a86714 !important;}\u00a0\u00bb el_class=\u00a0\u00bbtext-w\u00a0\u00bb][vc_column][vc_column_text el_class=\u00a0\u00bbtext-w\u00a0\u00bb]Le co\u00fbt d\u2019un projet de traduction varie en fonction du volume de texte \u00e0 traduire, de sa difficult\u00e9 et du d\u00e9lai de livraison souhait\u00e9. Les devis sont donc toujours \u00e9tablis au cas par cas.[\/vc_column_text][\/vc_column][\/vc_row][vc_row fullwidth=\u00a0\u00bbtrue\u00a0\u00bb fullwidth_content=\u00a0\u00bbfalse\u00a0\u00bb css=\u00a0\u00bb.vc_custom_1463534748047{padding-top: 40px !important;padding-bottom: 40px !important;background-color: #7e4d0f !important;}\u00a0\u00bb el_class=\u00a0\u00bbtext-w\u00a0\u00bb][vc_column][vc_column_text]<strong><em>Comment faire une demande de devis ?<\/em><\/strong><\/p>\n<p>Le plus simple, c\u2019est de nous envoyer votre document \u00e0 info@aeiou-traductores.com Nous pourrons ainsi calculer le nombre de mots \u00e0 traduire et \u00e9valuer les caract\u00e9ristiques et la difficult\u00e9 du projet. Si le document n\u2019est pas disponible ou si celui-ci ne peut \u00eatre diffus\u00e9 par souci de confidentialit\u00e9, merci de nous transmettre, au minimum, l\u2019information suivante :<\/p>\n<p><em>Nombre exact ou approximatif de mots.<\/em><br \/>\n<em>La langue de d\u00e9part et la langue d\u2019arriv\u00e9e.<\/em><br \/>\n<em>Les caract\u00e9ristiques du texte (champ disciplinaire, s\u2019il s\u2019agit d\u2019un texte technique ou sp\u00e9cialis\u00e9, s\u2019il contient des images, le format du fichier informatique, etc.).<\/em><\/p>\n<p>N\u2019oubliez pas d\u2019indiquer \u00e9galement :<\/p>\n<p><em>La date de livraison souhait\u00e9e.<\/em><br \/>\n<em>Vos coordonn\u00e9es.<\/em><\/p>\n<p>Vous recevrez par courriel un devis pr\u00e9cisant clairement le tarif appliqu\u00e9, le co\u00fbt total du projet et la date de livraison pr\u00e9vue.<\/p>\n<p>Si vous avez des questions ou vous souhaitez nous faire part de vos observations, n\u2019h\u00e9sitez pas \u00e0 nous contacter. Vous pouvez \u00e9galement nous joindre au +34 652 61 50 74 de 9h \u00e0 14h, du lundi au vendredi. Nous sommes convaincus qu\u2019un suivi personnalis\u00e9 est le meilleur moyen de cr\u00e9er un climat de confiance entre le traducteur et le client, de r\u00e9soudre les \u00e9ventuels probl\u00e8mes en cours de route et de garantir la qualit\u00e9 de la traduction.<\/p>\n<p>Si le devis vous convient, il suffit de nous renvoyer le bon pour accord par courriel accompagn\u00e9 des mentions n\u00e9cessaires pour \u00e9tablir la facture. Nous prendrons en charge votre projet et vous recevrez votre traduction dans les d\u00e9lais convenus.[\/vc_column_text][\/vc_column][\/vc_row]\n<\/section>","protected":false},"excerpt":{"rendered":"<p>[vc_row fullwidth=\u00a0\u00bbtrue\u00a0\u00bb][vc_column][mk_page_title_box page_title=\u00a0\u00bbTarifs\u00a0\u00bb section_height=\u00a0\u00bb150&Prime; bg_image=\u00a0\u00bbhttp:\/\/www.aeiou-traductores.com\/web\/wp-content\/uploads\/2016\/03\/aeiou-slide-8.jpg\u00a0\u00bb bg_position=\u00a0\u00bbcenter center\u00a0\u00bb bg_stretch=\u00a0\u00bbtrue\u00a0\u00bb overlay=\u00a0\u00bbrgba(30,115,190,0.52)\u00a0\u00bb bg_effects=\u00a0\u00bbparallax\u00a0\u00bb font_color=\u00a0\u00bb#ffffff\u00a0\u00bb][\/vc_column][\/vc_row][vc_row fullwidth=\u00a0\u00bbtrue\u00a0\u00bb fullwidth_content=\u00a0\u00bbfalse\u00a0\u00bb css=\u00a0\u00bb.vc_custom_1463064223460{margin-bottom: 0px !important;padding-top: 30px !important;padding-right: 0px !important;padding-bottom: 20px !important;padding-left: 0px !important;background-color: #a86714 !important;}\u00a0\u00bb el_class=\u00a0\u00bbtext-w\u00a0\u00bb][vc_column][vc_column_text el_class=\u00a0\u00bbtext-w\u00a0\u00bb]Le co\u00fbt d\u2019un projet de traduction varie en fonction du volume de texte \u00e0 traduire, de sa difficult\u00e9 et du d\u00e9lai de livraison souhait\u00e9. Les devis sont donc [&hellip;]<\/p>\n","protected":false},"author":1,"featured_media":0,"parent":0,"menu_order":0,"comment_status":"closed","ping_status":"closed","template":"","meta":{"footnotes":""},"class_list":["post-11307","page","type-page","status-publish","hentry"],"_links":{"self":[{"href":"https:\/\/www.aeiou-traductores.com\/fr\/wp-json\/wp\/v2\/pages\/11307","targetHints":{"allow":["GET"]}}],"collection":[{"href":"https:\/\/www.aeiou-traductores.com\/fr\/wp-json\/wp\/v2\/pages"}],"about":[{"href":"https:\/\/www.aeiou-traductores.com\/fr\/wp-json\/wp\/v2\/types\/page"}],"author":[{"embeddable":true,"href":"https:\/\/www.aeiou-traductores.com\/fr\/wp-json\/wp\/v2\/users\/1"}],"replies":[{"embeddable":true,"href":"https:\/\/www.aeiou-traductores.com\/fr\/wp-json\/wp\/v2\/comments?post=11307"}],"version-history":[{"count":0,"href":"https:\/\/www.aeiou-traductores.com\/fr\/wp-json\/wp\/v2\/pages\/11307\/revisions"}],"wp:attachment":[{"href":"https:\/\/www.aeiou-traductores.com\/fr\/wp-json\/wp\/v2\/media?parent=11307"}],"curies":[{"name":"wp","href":"https:\/\/api.w.org\/{rel}","templated":true}]}}